{"id":2599,"date":"2020-12-08T01:46:25","date_gmt":"2020-12-08T06:46:25","guid":{"rendered":"https:\/\/widenersbdc.org\/esp\/?page_id=2599"},"modified":"2021-03-25T12:38:02","modified_gmt":"2021-03-25T16:38:02","slug":"a-quien-servimos","status":"publish","type":"page","link":"https:\/\/widenersbdc.org\/esp\/a-quien-servimos\/","title":{"rendered":"A quien servimos"},"content":{"rendered":"<p><div class=\"fusion-fullwidth fullwidth-box fusion-builder-row-1 fusion-flex-container fusion-parallax-none hundred-percent-fullwidth non-hundred-percent-height-scrolling fusion-animated\" style=\"background-color: rgba(255,255,255,0);background-image: url(&quot;https:\/\/widenersbdc.org\/esp\/wp-content\/uploads\/2020\/12\/Untitled-design.jpg&quot;);background-position: left center;background-repeat: repeat-x;border-width: 0px 0px 0px 0px;border-color:#e2e2e2;border-style:solid;min-height:341px;\" data-animationType=\"fadeIn\" data-animationDuration=\"0.6\" data-animationOffset=\"100%\" ><div class=\"fusion-builder-row fusion-row fusion-flex-align-items-center\" style=\"width:104% !important;max-width:104% !important;margin-left: calc(-4% \/ 2 );margin-right: calc(-4% \/ 2 );\"><\/div><style type=\"text\/css\">.fusion-body .fusion-flex-container.fusion-builder-row-1{ padding-top : 0px;margin-top : 0px;padding-right : 0px;padding-bottom : 0px;margin-bottom : 0px;padding-left : 0px;}<\/style><\/div><div class=\"fusion-fullwidth fullwidth-box fusion-builder-row-2 fusion-flex-container nonhundred-percent-fullwidth non-hundred-percent-height-scrolling\" style=\"background-color: #e2c026;background-position: center center;background-repeat: no-repeat;border-width: 0px 0px 0px 0px;border-color:#e2e2e2;border-style:solid;min-height:40px;\" ><div class=\"fusion-builder-row fusion-row fusion-flex-align-items-center fusion-flex-align-content-center fusion-flex-justify-content-flex-end\" style=\"max-width:calc( 1300px + 0px );margin-left: calc(-0px \/ 2 );margin-right: calc(-0px \/ 2 );\"><div class=\"fusion-layout-column fusion_builder_column fusion-builder-column-0 fusion_builder_column_1_1 1_1 fusion-flex-column fusion-flex-align-self-center\"><div class=\"fusion-column-wrapper fusion-flex-justify-content-flex-start fusion-content-layout-row fusion-content-nowrap\" style=\"background-position:left top;background-repeat:no-repeat;-webkit-background-size:cover;-moz-background-size:cover;-o-background-size:cover;background-size:cover;padding: 0px 0px 9px 0px;\"><ul class=\"fusion-checklist fusion-checklist-1\" style=\"font-size:22px;line-height:37.4px;\"><li class=\"fusion-li-item\"><span style=\"height:37.4px;width:37.4px;margin-right:15.4px;\" class=\"icon-wrapper circle-no\"><i class=\"fusion-li-icon fa-arrow-alt-circle-right fas\" style=\"color:#2d2d2d;\" aria-hidden=\"true\"><\/i><\/span><div class=\"fusion-li-item-content\" style=\"margin-left:52.8px;\"><\/div><\/li><\/ul><style type=\"text\/css\">.fusion-breadcrumbs.fusion-breadcrumbs-1{font-size:16px;}.fusion-breadcrumbs.fusion-breadcrumbs-1 span a:hover{color:#000000 !important;}.fusion-breadcrumbs.fusion-breadcrumbs-1{color:#000000;}.fusion-breadcrumbs.fusion-breadcrumbs-1 a{color:#000000;}<\/style><div class=\"fusion-breadcrumbs fusion-breadcrumbs-1\" style=\"margin-top:16px;\"><span class=\"fusion-breadcrumb-item\"><a href=\"https:\/\/widenersbdc.org\/esp\" class=\"fusion-breadcrumb-link\"><span >Home<\/span><\/a><\/span><span class=\"fusion-breadcrumb-sep\">\/<\/span><\/div><\/div><style type=\"text\/css\">.fusion-body .fusion-builder-column-0{width:100% !important;margin-top : 0px;margin-bottom : 0px;}.fusion-builder-column-0 > .fusion-column-wrapper {padding-top : 0px !important;padding-right : 0px !important;margin-right : 0;padding-bottom : 9px !important;padding-left : 0px !important;margin-left : 0;}@media only screen and (max-width:1024px) {.fusion-body .fusion-builder-column-0{width:100% !important;order : 0;}.fusion-builder-column-0 > .fusion-column-wrapper {margin-right : 0;margin-left : 0;}}@media only screen and (max-width:640px) {.fusion-body .fusion-builder-column-0{width:100% !important;order : 0;margin-top : 0px;margin-bottom : 0px;}.fusion-builder-column-0 > .fusion-column-wrapper {padding-top : 10px !important;padding-right : 10px !important;margin-right : 0;padding-bottom : 5px !important;padding-left : 10px !important;margin-left : 0;}}<\/style><\/div><\/div><style type=\"text\/css\">.fusion-body .fusion-flex-container.fusion-builder-row-2{ padding-top : 0px;margin-top : 0px;padding-right : 0px;padding-bottom : 0px;margin-bottom : 0px;padding-left : 0px;}@media only screen and (max-width:1024px) {.fusion-body .fusion-flex-container.fusion-builder-row-2{ padding-top : 15px;margin-top : 0px;padding-right : 0px;padding-bottom : 0px;margin-bottom : 0px;padding-left : 0px;}}@media only screen and (max-width:640px) {.fusion-body .fusion-flex-container.fusion-builder-row-2{ padding-top : 0px;margin-top : 0;padding-right : 0px;padding-bottom : 0px;margin-bottom : 0;padding-left : 0px;}}<\/style><\/div>\n<div class=\"fusion-fullwidth fullwidth-box fusion-builder-row-3 fusion-flex-container nonhundred-percent-fullwidth non-hundred-percent-height-scrolling\" style=\"background-color: #fcfcfc;background-position: left center;background-repeat: repeat-x;border-width: 0px 0px 0px 0px;border-color:#e2e2e2;border-style:solid;\" ><div class=\"fusion-builder-row fusion-row fusion-flex-align-items-center fusion-flex-align-content-space-evenly fusion-flex-justify-content-center\" style=\"max-width:1352px;margin-left: calc(-4% \/ 2 );margin-right: calc(-4% \/ 2 );\"><div class=\"fusion-layout-column fusion_builder_column fusion-builder-column-1 fusion_builder_column_1_1 1_1 fusion-flex-column fusion-flex-align-self-stretch\"><div class=\"fusion-column-wrapper fusion-flex-justify-content-center fusion-content-layout-column\" style=\"background-position:center center;background-repeat:no-repeat;-webkit-background-size:cover;-moz-background-size:cover;-o-background-size:cover;background-size:cover;padding: 0px 0px 0px 0px;\"><style type=\"text\/css\">@media only screen and (max-width:1024px) {.fusion-title.fusion-title-1{margin-top:10px!important; margin-right:0px!important;margin-bottom:15px!important;margin-left:0px!important;}}@media only screen and (max-width:640px) {.fusion-title.fusion-title-1{margin-top:10px!important; margin-right:0px!important;margin-bottom:10px!important; margin-left:0px!important;}}<\/style><div class=\"fusion-title title fusion-title-1 fusion-sep-none fusion-title-center fusion-title-text fusion-title-size-three fusion-animated\" style=\"margin-top:10px;margin-right:0px;margin-bottom:15px;margin-left:0px;\" data-animationType=\"fadeIn\" data-animationDuration=\"0.3\" data-animationOffset=\"100%\"><h3 class=\"title-heading-center\" style=\"margin:0;\"><p style=\"text-align: center;\">Tipos de emprendedoras con las que nos encanta trabajar.<\/p><\/h3><\/div><div class=\"fusion-text fusion-text-1 fusion-animated\" style=\"text-align:center;\" data-animationType=\"fadeIn\" data-animationDuration=\"0.3\" data-animationOffset=\"100%\"><p style=\"text-align: center;\">Los emprendedores son l\u00edderes pero existen de muchos tipos.<br \/>\nEche un vistazo a algunos de los tipos emprendedores de nuestros mejores clientes en Widener SBDC.<\/p>\n<\/div><\/div><style type=\"text\/css\">.fusion-body .fusion-builder-column-1{width:100% !important;margin-top : 0px;margin-bottom : 0px;}.fusion-builder-column-1 > .fusion-column-wrapper {padding-top : 0px !important;padding-right : 0px !important;margin-right : 0px;padding-bottom : 0px !important;padding-left : 0px !important;margin-left : 0px;}@media only screen and (max-width:1024px) {.fusion-body .fusion-builder-column-1{width:100% !important;order : 4;margin-top : 20px;margin-bottom : 20px;}.fusion-builder-column-1 > .fusion-column-wrapper {padding-top : 0px !important;padding-right : 0px !important;margin-right : 20px;padding-bottom : 0px !important;padding-left : 0px !important;margin-left : 20px;}}@media only screen and (max-width:640px) {.fusion-body .fusion-builder-column-1{width:100% !important;order : 0;}.fusion-builder-column-1 > .fusion-column-wrapper {margin-right : 1.92%;margin-left : 1.92%;}}<\/style><\/div><\/div><style type=\"text\/css\">.fusion-body .fusion-flex-container.fusion-builder-row-3{ padding-top : 100px;margin-top : 0px;padding-right : 30px;padding-bottom : 50px;margin-bottom : 0px;padding-left : 30px;}@media only screen and (max-width:1024px) {.fusion-body .fusion-flex-container.fusion-builder-row-3{ padding-top : 60px;margin-top : 0px;padding-right : 30px;padding-bottom : 60px;margin-bottom : 0px;padding-left : 30px;}}<\/style><\/div><div class=\"fusion-fullwidth fullwidth-box fusion-builder-row-4 fusion-flex-container nonhundred-percent-fullwidth non-hundred-percent-height-scrolling\" style=\"background-color: #fcfcfc;background-position: center center;background-repeat: no-repeat;border-width: 0px 0px 0px 0px;border-color:#e2e2e2;border-style:solid;\" ><div class=\"fusion-builder-row fusion-row fusion-flex-align-items-flex-start\" style=\"max-width:1352px;margin-left: calc(-4% \/ 2 );margin-right: calc(-4% \/ 2 );\"><div class=\"fusion-layout-column fusion_builder_column fusion-builder-column-2 fusion_builder_column_1_1 1_1 fusion-flex-column\"><div class=\"fusion-column-wrapper fusion-flex-justify-content-flex-start fusion-content-layout-column\" style=\"background-position:left top;background-repeat:no-repeat;-webkit-background-size:cover;-moz-background-size:cover;-o-background-size:cover;background-size:cover;padding: 0x 0x 0x 0x;\"><div class=\"fusion-flip-boxes flip-boxes row fusion-columns-3 flip-effect-3d equal-heights\"><div class=\"fusion-flip-box-wrapper fusion-column col-lg-4 col-md-4 col-sm-4\"><div class=\"fusion-flip-box flip-right\" tabindex=\"0\"><div class=\"flip-box-inner-wrapper\"><div class=\"flip-box-front\" style=\"background-color:#1a1c1f;border-color:rgba(0,0,0,0);border-radius:6px;border-style:solid;border-width:0px;color:#ffffff;transition-duration:0.4s;\"><div class=\"flip-box-front-inner\"><div class=\"flip-box-grafix flip-box-image\"><img decoding=\"async\" src=\"https:\/\/widenersbdc.org\/esp\/wp-content\/uploads\/2020\/12\/Untitled-design-2.jpg\" width=\"500\" height=\"464.23\" alt=\"\" \/><\/div><h2 class=\"flip-box-heading without-text\" style=\"color:#ffffff;\">EntrePreneur<\/h2><\/div><\/div><div class=\"flip-box-back\" style=\"background-color:#e2c026;border-color:rgba(0,0,0,0);border-radius:6px;border-style:solid;border-width:0px;color:#1a1c1f;transition-duration:0.4s;\"><div class=\"flip-box-back-inner\"><h3 class=\"flip-box-heading-back\" style=\"color:#1a1c1f;\">ENTREPRENEUR<\/h3>\n<p style=\"text-align: center;\">Una persona que establece un negocio o negocios, asumiendo riesgos financieros con la esperanza de obtener ganancias.<\/p>\n<div style=\"text-align:center;\"><style type=\"text\/css\">.fusion-button.button-1 {border-radius:5px;}.fusion-button.button-1 .fusion-button-text {text-transform:uppercase;}<\/style><a class=\"fusion-button button-flat button-medium button-default button-1 fusion-button-default-span fusion-button-default-type\" target=\"_self\" href=\"https:\/\/widenersbdc.org\/esp\/comenzar\/\" style=\"margin-top:30px;margin-right:30px;margin-bottom:30px;margin-left:30px;\"><span class=\"fusion-button-text\">Comenzar un negocio<\/span><\/a><\/div><\/div><\/div><\/div><\/div><\/div><div class=\"fusion-flip-box-wrapper fusion-column col-lg-4 col-md-4 col-sm-4\"><div class=\"fusion-flip-box flip-right\" tabindex=\"0\"><div class=\"flip-box-inner-wrapper\"><div class=\"flip-box-front\" style=\"background-color:#1a1c1f;border-color:rgba(0,0,0,0);border-radius:6px;border-style:solid;border-width:0px;color:#ffffff;transition-duration:0.4s;\"><div class=\"flip-box-front-inner\"><div class=\"flip-box-grafix flip-box-image\"><img decoding=\"async\" src=\"https:\/\/widenersbdc.org\/esp\/wp-content\/uploads\/2020\/12\/Screen-Shot-2020-12-07-at-8.54.53-PM.png\" width=\"500\" height=\"464.23\" alt=\"\" \/><\/div><h2 class=\"flip-box-heading without-text\" style=\"color:#ffffff;\">StudentPreneur<\/h2><\/div><\/div><div class=\"flip-box-back\" style=\"background-color:#e2c026;border-color:rgba(0,0,0,0);border-radius:6px;border-style:solid;border-width:0px;color:#1a1c1f;transition-duration:0.4s;\"><div class=\"flip-box-back-inner\"><h3 class=\"flip-box-heading-back\" style=\"color:#1a1c1f;\">STUDENTPRENEUR<\/h3>\n<p style=\"text-align: center;\">Describe a alguien que inicia un negocio mientras a\u00fan est\u00e1 estudiando.<\/p>\n<p style=\"text-align: center;\"><div style=\"text-align:center;\"><style type=\"text\/css\">.fusion-button.button-2 {border-radius:5px;}.fusion-button.button-2 .fusion-button-text {text-transform:uppercase;}<\/style><a class=\"fusion-button button-flat button-medium button-default button-2 fusion-button-default-span fusion-button-default-type\" target=\"_self\" href=\"https:\/\/widenersbdc.org\/esp\/comenzar\/\" style=\"margin-top:30px;margin-right:30px;margin-bottom:30px;margin-left:30px;\"><span class=\"fusion-button-text\">Comenzar un negocio<\/span><\/a><\/div>\n<\/div><\/div><\/div><\/div><\/div><div class=\"fusion-flip-box-wrapper fusion-column col-lg-4 col-md-4 col-sm-4\"><div class=\"fusion-flip-box flip-right\" tabindex=\"0\"><div class=\"flip-box-inner-wrapper\"><div class=\"flip-box-front\" style=\"background-color:#1a1c1f;border-color:rgba(0,0,0,0);border-radius:6px;border-style:solid;border-width:0px;color:#ffffff;transition-duration:0.4s;\"><div class=\"flip-box-front-inner\"><div class=\"flip-box-grafix flip-box-image\"><img decoding=\"async\" src=\"https:\/\/widenersbdc.org\/esp\/wp-content\/uploads\/2020\/12\/Screen-Shot-2020-12-07-at-9.04.17-PM.png\" width=\"500\" height=\"475.42\" alt=\"\" \/><\/div><h2 class=\"flip-box-heading without-text\" style=\"color:#ffffff;\">WanTrepeneur<\/h2><\/div><\/div><div class=\"flip-box-back\" style=\"background-color:#e2c026;border-color:rgba(0,0,0,0);border-radius:6px;border-style:solid;border-width:0px;color:#1a1c1f;transition-duration:0.4s;\"><div class=\"flip-box-back-inner\"><h3 class=\"flip-box-heading-back\" style=\"color:#1a1c1f;\">WANTREPRENEUR<\/h3>\n<p style=\"text-align: center;\">Algunos que quieren iniciar su propio negocio o actividades empresariales, pero a\u00fan no han tomado ninguna medida para poner la pelota en marcha.<\/p>\n<p style=\"text-align: center;\"><div style=\"text-align:center;\"><style type=\"text\/css\">.fusion-button.button-3 {border-radius:5px;}.fusion-button.button-3 .fusion-button-text {text-transform:uppercase;}<\/style><a class=\"fusion-button button-flat button-medium button-default button-3 fusion-button-default-span fusion-button-default-type\" target=\"_self\" href=\"https:\/\/widenersbdc.org\/esp\/comenzar\/\" style=\"margin-top:30px;margin-right:30px;margin-bottom:30px;margin-left:30px;\"><span class=\"fusion-button-text\">Comenzar un negocio<\/span><\/a><\/div>\n<\/div><\/div><\/div><\/div><\/div><div class=\"fusion-flip-box-wrapper fusion-column col-lg-4 col-md-4 col-sm-4\"><div class=\"fusion-flip-box flip-right\" tabindex=\"0\"><div class=\"flip-box-inner-wrapper\"><div class=\"flip-box-front\" style=\"background-color:#1a1c1f;border-color:rgba(0,0,0,0);border-radius:6px;border-style:solid;border-width:0px;color:#ffffff;transition-duration:0.4s;\"><div class=\"flip-box-front-inner\"><div class=\"flip-box-grafix flip-box-image\"><img decoding=\"async\" src=\"https:\/\/widenersbdc.org\/esp\/wp-content\/uploads\/2020\/12\/Screen-Shot-2020-12-07-at-8.57.30-PM.png\" width=\"500\" height=\"459.9\" alt=\"\" \/><\/div><h2 class=\"flip-box-heading without-text\" style=\"color:#ffffff;\">EarlyPreneur<\/h2><\/div><\/div><div class=\"flip-box-back\" style=\"background-color:#e2c026;border-color:rgba(0,0,0,0);border-radius:6px;border-style:solid;border-width:0px;color:#1a1c1f;transition-duration:0.4s;\"><div class=\"flip-box-back-inner\"><h3 class=\"flip-box-heading-back\" style=\"color:#1a1c1f;\">EarlyPreneur<\/h3>\n<p style=\"text-align: center;\">Alguien que es due\u00f1o de una peque\u00f1a empresa ubicada dentro de una comunidad local.<\/p>\n<p style=\"text-align: center;\"><div style=\"text-align:center;\"><style type=\"text\/css\">.fusion-button.button-4 {border-radius:5px;}.fusion-button.button-4 .fusion-button-text {text-transform:uppercase;}<\/style><a class=\"fusion-button button-flat button-medium button-default button-4 fusion-button-default-span fusion-button-default-type\" target=\"_self\" href=\"https:\/\/widenersbdc.org\/esp\/comenzar\/\" style=\"margin-top:30px;margin-right:30px;margin-bottom:30px;margin-left:30px;\"><span class=\"fusion-button-text\">Comenzar un negocio<\/span><\/a><\/div>\n<\/div><\/div><\/div><\/div><\/div><div class=\"fusion-flip-box-wrapper fusion-column col-lg-4 col-md-4 col-sm-4\"><div class=\"fusion-flip-box flip-right\" tabindex=\"0\"><div class=\"flip-box-inner-wrapper\"><div class=\"flip-box-front\" style=\"background-color:#1a1c1f;border-color:rgba(0,0,0,0);border-radius:6px;border-style:solid;border-width:0px;color:#ffffff;transition-duration:0.4s;\"><div class=\"flip-box-front-inner\"><div class=\"flip-box-grafix flip-box-image\"><img decoding=\"async\" src=\"https:\/\/widenersbdc.org\/esp\/wp-content\/uploads\/2020\/12\/Screen-Shot-2020-12-07-at-8.58.51-PM.png\" width=\"500\" height=\"447.57\" alt=\"\" \/><\/div><h2 class=\"flip-box-heading without-text\" style=\"color:#ffffff;\">LocalPreneur<\/h2><\/div><\/div><div class=\"flip-box-back\" style=\"background-color:#e2c026;border-color:rgba(0,0,0,0);border-radius:6px;border-style:solid;border-width:0px;color:#1a1c1f;transition-duration:0.4s;\"><div class=\"flip-box-back-inner\"><h3 class=\"flip-box-heading-back\" style=\"color:#1a1c1f;\">LocalPreneur<\/h3>\n<p style=\"text-align: center;\">Nuestros expertos lo ayudar\u00e1n a obtener la informaci\u00f3n que necesita para tomar decisiones que impulsen el crecimiento econ\u00f3mico de su negocio. Los recursos de investigaci\u00f3n de mercado lo ayudar\u00e1n a comprender d\u00f3nde est\u00e1n sus clientes, socios comerciales y competidores, para que pueda [ .. ]\n<p style=\"text-align: center;\"><div style=\"text-align:center;\"><style type=\"text\/css\">.fusion-button.button-5 {border-radius:5px;}.fusion-button.button-5 .fusion-button-text {text-transform:uppercase;}<\/style><a class=\"fusion-button button-flat button-medium button-default button-5 fusion-button-default-span fusion-button-default-type\" target=\"_self\" href=\"https:\/\/widenersbdc.org\/esp\/crecer-y-prosperar\/\" style=\"margin-top:30px;margin-right:30px;margin-bottom:30px;margin-left:30px;\"><span class=\"fusion-button-text\">Crecer y prosperar<\/span><\/a><\/div>\n<\/div><\/div><\/div><\/div><\/div><div class=\"fusion-flip-box-wrapper fusion-column col-lg-4 col-md-4 col-sm-4\"><div class=\"fusion-flip-box flip-right\" tabindex=\"0\"><div class=\"flip-box-inner-wrapper\"><div class=\"flip-box-front\" style=\"background-color:#1a1c1f;border-color:rgba(0,0,0,0);border-radius:6px;border-style:solid;border-width:0px;color:#ffffff;transition-duration:0.4s;\"><div class=\"flip-box-front-inner\"><div class=\"flip-box-grafix flip-box-image\"><img decoding=\"async\" src=\"https:\/\/widenersbdc.org\/esp\/wp-content\/uploads\/2020\/12\/Screen-Shot-2020-12-07-at-8.59.56-PM.png\" width=\"500\" height=\"423.2\" alt=\"\" \/><\/div><h2 class=\"flip-box-heading without-text\" style=\"color:#ffffff;\">GrowthPrenuer<\/h2><\/div><\/div><div class=\"flip-box-back\" style=\"background-color:#e2c026;border-color:rgba(0,0,0,0);border-radius:6px;border-style:solid;border-width:0px;color:#1a1c1f;transition-duration:0.4s;\"><div class=\"flip-box-back-inner\"><h3 class=\"flip-box-heading-back\" style=\"color:#1a1c1f;\">GrowthPrenuer<\/h3>\n<p style=\"text-align: center;\">Entrepreneurs with an established business looking to expand and grow their sales, customers, or facilities.<\/p>\n<p style=\"text-align: center;\"><div style=\"text-align:center;\"><style type=\"text\/css\">.fusion-button.button-6 {border-radius:5px;}.fusion-button.button-6 .fusion-button-text {text-transform:uppercase;}<\/style><a class=\"fusion-button button-flat button-medium button-default button-6 fusion-button-default-span fusion-button-default-type\" target=\"_self\" href=\"hhttps:\/\/widenersbdc.org\/esp\/crecer-y-prosperar\/\" style=\"margin-top:30px;margin-right:30px;margin-bottom:30px;margin-left:30px;\"><span class=\"fusion-button-text\">Crecer y prosperar<\/span><\/a><\/div>\n<\/div><\/div><\/div><\/div><\/div><div class=\"fusion-flip-box-wrapper fusion-column col-lg-4 col-md-4 col-sm-4\"><div class=\"fusion-flip-box flip-right\" tabindex=\"0\"><div class=\"flip-box-inner-wrapper\"><div class=\"flip-box-front\" style=\"background-color:#1a1c1f;border-color:rgba(0,0,0,0);border-radius:6px;border-style:solid;border-width:0px;color:#ffffff;transition-duration:0.4s;\"><div class=\"flip-box-front-inner\"><div class=\"flip-box-grafix flip-box-image\"><img decoding=\"async\" src=\"https:\/\/widenersbdc.org\/esp\/wp-content\/uploads\/2020\/12\/Screen-Shot-2020-12-07-at-9.06.52-PM.png\" width=\"500\" height=\"314.07\" alt=\"\" \/><\/div><h2 class=\"flip-box-heading without-text\" style=\"color:#ffffff;\">FamilyPreneur<\/h2><\/div><\/div><div class=\"flip-box-back\" style=\"background-color:#e2c026;border-color:rgba(0,0,0,0);border-radius:6px;border-style:solid;border-width:0px;color:#1a1c1f;transition-duration:0.4s;\"><div class=\"flip-box-back-inner\"><h3 class=\"flip-box-heading-back\" style=\"color:#1a1c1f;\">FamilyPreneur<\/h3>\n<p style=\"text-align: center;\">Emprendedores que tienen un peque\u00f1o negocio operado y de propiedad familiar.<\/p>\n<p style=\"text-align: center;\"><div style=\"text-align:center;\"><style type=\"text\/css\">.fusion-button.button-7 {border-radius:5px;}.fusion-button.button-7 .fusion-button-text {text-transform:uppercase;}<\/style><a class=\"fusion-button button-flat button-medium button-default button-7 fusion-button-default-span fusion-button-default-type\" target=\"_self\" href=\"https:\/\/widenersbdc.org\/esp\/innovar\/\" style=\"margin-top:30px;margin-right:30px;margin-bottom:30px;margin-left:30px;\"><span class=\"fusion-button-text\">Reinventar y reactivar<\/span><\/a><\/div>\n<\/div><\/div><\/div><\/div><\/div><div class=\"fusion-flip-box-wrapper fusion-column col-lg-4 col-md-4 col-sm-4\"><div class=\"fusion-flip-box flip-right\" tabindex=\"0\"><div class=\"flip-box-inner-wrapper\"><div class=\"flip-box-front\" style=\"background-color:#1a1c1f;border-color:rgba(0,0,0,0);border-radius:6px;border-style:solid;border-width:0px;color:#ffffff;transition-duration:0.4s;\"><div class=\"flip-box-front-inner\"><div class=\"flip-box-grafix flip-box-image\"><img decoding=\"async\" src=\"https:\/\/widenersbdc.org\/esp\/wp-content\/uploads\/2020\/12\/Screen-Shot-2020-12-07-at-9.01.53-PM.png\" width=\"500\" height=\"387.66\" alt=\"\" \/><\/div><h2 class=\"flip-box-heading without-text\" style=\"color:#ffffff;\">E-Preneur<\/h2><\/div><\/div><div class=\"flip-box-back\" style=\"background-color:#e2c026;border-color:rgba(0,0,0,0);border-radius:6px;border-style:solid;border-width:0px;color:#1a1c1f;transition-duration:0.4s;\"><div class=\"flip-box-back-inner\"><h3 class=\"flip-box-heading-back\" style=\"color:#1a1c1f;\">E-Preneur<\/h3>\n<p style=\"text-align: center;\">Describe a alguien que dirige su negocio en Internet.<\/p>\n<p style=\"text-align: center;\"><div style=\"text-align:center;\"><style type=\"text\/css\">.fusion-button.button-8 {border-radius:5px;}.fusion-button.button-8 .fusion-button-text {text-transform:uppercase;}<\/style><a class=\"fusion-button button-flat button-medium button-default button-8 fusion-button-default-span fusion-button-default-type\" target=\"_self\" href=\"https:\/\/widenersbdc.org\/esp\/innovar\/\" style=\"margin-top:30px;margin-right:30px;margin-bottom:30px;margin-left:30px;\"><span class=\"fusion-button-text\">Reinventar y reactivar<\/span><\/a><\/div>\n<\/div><\/div><\/div><\/div><\/div><\/div><\/div><style type=\"text\/css\">.fusion-body .fusion-builder-column-2{width:100% !important;margin-top : 0x;margin-bottom : 0x;}.fusion-builder-column-2 > .fusion-column-wrapper {padding-top : 0x !important;padding-right : 0x !important;margin-right : 0x;padding-bottom : 0x !important;padding-left : 0x !important;margin-left : 0x;}@media only screen and (max-width:1024px) {.fusion-body .fusion-builder-column-2{width:100% !important;order : 0;}.fusion-builder-column-2 > .fusion-column-wrapper {margin-right : 0x;margin-left : 0x;}}@media only screen and (max-width:640px) {.fusion-body .fusion-builder-column-2{width:100% !important;order : 0;}.fusion-builder-column-2 > .fusion-column-wrapper {margin-right : 1.92%;margin-left : 1.92%;}}<\/style><\/div><\/div><style type=\"text\/css\">.fusion-body .fusion-flex-container.fusion-builder-row-4{ padding-top : 0px;margin-top : 0px;padding-right : 0px;padding-bottom : 80px;margin-bottom : 0px;padding-left : 0px;}<\/style><\/div><\/p>\n","protected":false},"excerpt":{"rendered":"","protected":false},"author":1,"featured_media":0,"parent":0,"menu_order":0,"comment_status":"closed","ping_status":"closed","template":"100-width.php","meta":{"_acf_changed":false,"inline_featured_image":false,"footnotes":""},"class_list":["post-2599","page","type-page","status-publish","hentry"],"acf":[],"_links":{"self":[{"href":"https:\/\/widenersbdc.org\/esp\/wp-json\/wp\/v2\/pages\/2599","targetHints":{"allow":["GET"]}}],"collection":[{"href":"https:\/\/widenersbdc.org\/esp\/wp-json\/wp\/v2\/pages"}],"about":[{"href":"https:\/\/widenersbdc.org\/esp\/wp-json\/wp\/v2\/types\/page"}],"author":[{"embeddable":true,"href":"https:\/\/widenersbdc.org\/esp\/wp-json\/wp\/v2\/users\/1"}],"replies":[{"embeddable":true,"href":"https:\/\/widenersbdc.org\/esp\/wp-json\/wp\/v2\/comments?post=2599"}],"version-history":[{"count":26,"href":"https:\/\/widenersbdc.org\/esp\/wp-json\/wp\/v2\/pages\/2599\/revisions"}],"predecessor-version":[{"id":5219,"href":"https:\/\/widenersbdc.org\/esp\/wp-json\/wp\/v2\/pages\/2599\/revisions\/5219"}],"wp:attachment":[{"href":"https:\/\/widenersbdc.org\/esp\/wp-json\/wp\/v2\/media?parent=2599"}],"curies":[{"name":"wp","href":"https:\/\/api.w.org\/{rel}","templated":true}]}}