{"id":1077,"date":"2020-10-31T04:26:22","date_gmt":"2020-10-31T08:26:22","guid":{"rendered":"https:\/\/widenersbdc.org\/esp\/?page_id=1077"},"modified":"2021-10-10T19:30:59","modified_gmt":"2021-10-10T23:30:59","slug":"proximos-webinars","status":"publish","type":"page","link":"https:\/\/widenersbdc.org\/esp\/proximos-webinars\/","title":{"rendered":"Pr\u00f3ximos webinars"},"content":{"rendered":"<p><div class=\"fusion-fullwidth fullwidth-box fusion-builder-row-1 fusion-flex-container fusion-parallax-none hundred-percent-fullwidth non-hundred-percent-height-scrolling fusion-no-small-visibility fusion-animated\" style=\"background-color: rgba(255,255,255,0);background-image: url(&quot;https:\/\/widenersbdc.org\/esp\/wp-content\/uploads\/2020\/10\/educational-banner-01d.jpg&quot;);background-position: left center;background-repeat: repeat-x;border-width: 0px 0px 0px 0px;border-color:#e2e2e2;border-style:solid;min-height:341px;\" data-animationType=\"fadeIn\" data-animationDuration=\"0.6\" data-animationOffset=\"100%\" ><div class=\"fusion-builder-row fusion-row fusion-flex-align-items-center fusion-flex-justify-content-center\" style=\"width:calc( 100% + 0px ) !important;max-width:calc( 100% + 0px ) !important;margin-left: calc(-0px \/ 2 );margin-right: calc(-0px \/ 2 );\"><\/div><style type=\"text\/css\">.fusion-body .fusion-flex-container.fusion-builder-row-1{ padding-top : 0px;margin-top : 0px;padding-right : 0px;padding-bottom : 0px;margin-bottom : 0px;padding-left : 0px;}@media only screen and (max-width:640px) {.fusion-body .fusion-flex-container.fusion-builder-row-1{ padding-top : 0;margin-top : 0;padding-right : 0;padding-bottom : 0;margin-bottom : 0;padding-left : 0;}}<\/style><\/div><div class=\"fusion-fullwidth fullwidth-box fusion-builder-row-2 fusion-flex-container nonhundred-percent-fullwidth non-hundred-percent-height-scrolling\" style=\"background-color: #e2c026;background-position: center center;background-repeat: no-repeat;border-width: 0px 0px 0px 0px;border-color:#e2e2e2;border-style:solid;min-height:40px;\" ><div class=\"fusion-builder-row fusion-row fusion-flex-align-items-center fusion-flex-align-content-center fusion-flex-justify-content-flex-end\" style=\"max-width:calc( 1300px + 0px );margin-left: calc(-0px \/ 2 );margin-right: calc(-0px \/ 2 );\"><div class=\"fusion-layout-column fusion_builder_column fusion-builder-column-0 fusion_builder_column_1_1 1_1 fusion-flex-column fusion-flex-align-self-center\"><div class=\"fusion-column-wrapper fusion-flex-justify-content-flex-start fusion-content-layout-row fusion-content-nowrap\" style=\"background-position:left top;background-repeat:no-repeat;-webkit-background-size:cover;-moz-background-size:cover;-o-background-size:cover;background-size:cover;padding: 0px 0px 9px 0px;\"><ul class=\"fusion-checklist fusion-checklist-1\" style=\"font-size:22px;line-height:37.4px;\"><li class=\"fusion-li-item\"><span style=\"height:37.4px;width:37.4px;margin-right:15.4px;\" class=\"icon-wrapper circle-no\"><i class=\"fusion-li-icon fa-arrow-alt-circle-right fas\" style=\"color:#2d2d2d;\" aria-hidden=\"true\"><\/i><\/span><div class=\"fusion-li-item-content\" style=\"margin-left:52.8px;\"><\/div><\/li><\/ul><style type=\"text\/css\">.fusion-breadcrumbs.fusion-breadcrumbs-1{font-size:16px;}.fusion-breadcrumbs.fusion-breadcrumbs-1 span a:hover{color:#000000 !important;}.fusion-breadcrumbs.fusion-breadcrumbs-1{color:#000000;}.fusion-breadcrumbs.fusion-breadcrumbs-1 a{color:#000000;}<\/style><div class=\"fusion-breadcrumbs fusion-breadcrumbs-1\" style=\"margin-top:16px;\"><span class=\"fusion-breadcrumb-item\"><a href=\"https:\/\/widenersbdc.org\/esp\" class=\"fusion-breadcrumb-link\"><span >Home<\/span><\/a><\/span><span class=\"fusion-breadcrumb-sep\">\/<\/span><\/div><\/div><style type=\"text\/css\">.fusion-body .fusion-builder-column-0{width:100% !important;margin-top : 0px;margin-bottom : 0px;}.fusion-builder-column-0 > .fusion-column-wrapper {padding-top : 0px !important;padding-right : 0px !important;margin-right : 0;padding-bottom : 9px !important;padding-left : 0px !important;margin-left : 0;}@media only screen and (max-width:1024px) {.fusion-body .fusion-builder-column-0{width:100% !important;order : 0;}.fusion-builder-column-0 > .fusion-column-wrapper {margin-right : 0;margin-left : 0;}}@media only screen and (max-width:640px) {.fusion-body .fusion-builder-column-0{width:100% !important;order : 0;margin-top : 0px;margin-bottom : 0px;}.fusion-builder-column-0 > .fusion-column-wrapper {padding-top : 10px !important;padding-right : 10px !important;margin-right : 0;padding-bottom : 5px !important;padding-left : 10px !important;margin-left : 0;}}<\/style><\/div><\/div><style type=\"text\/css\">.fusion-body .fusion-flex-container.fusion-builder-row-2{ padding-top : 0px;margin-top : 0px;padding-right : 0px;padding-bottom : 0px;margin-bottom : 0px;padding-left : 0px;}@media only screen and (max-width:1024px) {.fusion-body .fusion-flex-container.fusion-builder-row-2{ padding-top : 15px;margin-top : 0px;padding-right : 0px;padding-bottom : 0px;margin-bottom : 0px;padding-left : 0px;}}@media only screen and (max-width:640px) {.fusion-body .fusion-flex-container.fusion-builder-row-2{ padding-top : 0px;margin-top : 0;padding-right : 0px;padding-bottom : 0px;margin-bottom : 0;padding-left : 0px;}}<\/style><\/div>\n<div class=\"fusion-fullwidth fullwidth-box fusion-builder-row-3 fusion-flex-container nonhundred-percent-fullwidth non-hundred-percent-height-scrolling\" style=\"background-color: #fcfcfc;background-position: left center;background-repeat: repeat-x;border-width: 0px 0px 0px 0px;border-color:#e2e2e2;border-style:solid;\" ><div class=\"fusion-builder-row fusion-row fusion-flex-align-items-center fusion-flex-align-content-space-evenly fusion-flex-justify-content-center\" style=\"max-width:1352px;margin-left: calc(-4% \/ 2 );margin-right: calc(-4% \/ 2 );\"><div class=\"fusion-layout-column fusion_builder_column fusion-builder-column-1 fusion_builder_column_1_1 1_1 fusion-flex-column fusion-flex-align-self-stretch\"><div class=\"fusion-column-wrapper fusion-flex-justify-content-center fusion-content-layout-column\" style=\"background-position:center center;background-repeat:no-repeat;-webkit-background-size:cover;-moz-background-size:cover;-o-background-size:cover;background-size:cover;padding: 0px 0px 0px 0px;\"><style type=\"text\/css\">@media only screen and (max-width:1024px) {.fusion-title.fusion-title-1{margin-top:10px!important; margin-right:0px!important;margin-bottom:15px!important;margin-left:0px!important;}}@media only screen and (max-width:640px) {.fusion-title.fusion-title-1{margin-top:10px!important; margin-right:0px!important;margin-bottom:10px!important; margin-left:0px!important;}}<\/style><div class=\"fusion-title title fusion-title-1 fusion-sep-none fusion-title-center fusion-title-text fusion-title-size-one fusion-animated\" style=\"font-size:40px;margin-top:10px;margin-right:0px;margin-bottom:15px;margin-left:0px;\" data-animationType=\"fadeInLeft\" data-animationDuration=\"0.3\" data-animationOffset=\"100%\"><h1 class=\"title-heading-center\" style=\"margin:0;font-size:1em;line-height:50px;\">PR\u00d3XIMOS ENTRENAMIENTOS VIRTUALES<\/h1><\/div><div class=\"fusion-text fusion-text-1 fusion-animated\" style=\"text-align:center;\" data-animationType=\"fadeIn\" data-animationDuration=\"0.3\" data-animationOffset=\"100%\"><p><u><b><a href=\"https:\/\/widenersbdc.org\/esp\/biblioteca-ondemand\/\">LIBRER\u00cdA ONDEMAND <\/a><\/b><\/u> | <u><b><a href=\"https:\/\/www.widenersbdc.org\/upcoming-webinars\/\">TALLERES EN INGLES<\/a><\/b><\/u><\/p>\n<\/div><\/div><style type=\"text\/css\">.fusion-body .fusion-builder-column-1{width:100% !important;margin-top : 0px;margin-bottom : 0px;}.fusion-builder-column-1 > .fusion-column-wrapper {padding-top : 0px !important;padding-right : 0px !important;margin-right : 0px;padding-bottom : 0px !important;padding-left : 0px !important;margin-left : 0px;}@media only screen and (max-width:1024px) {.fusion-body .fusion-builder-column-1{width:100% !important;order : 4;margin-top : 20px;margin-bottom : 20px;}.fusion-builder-column-1 > .fusion-column-wrapper {padding-top : 0px !important;padding-right : 0px !important;margin-right : 20px;padding-bottom : 0px !important;padding-left : 0px !important;margin-left : 20px;}}@media only screen and (max-width:640px) {.fusion-body .fusion-builder-column-1{width:100% !important;order : 0;margin-top : 0;margin-bottom : 0;}.fusion-builder-column-1 > .fusion-column-wrapper {padding-top : 20px !important;padding-right : 20px !important;margin-right : 0;padding-bottom : 20px !important;padding-left : 20px !important;margin-left : 0;}}<\/style><\/div><\/div><style type=\"text\/css\">.fusion-body .fusion-flex-container.fusion-builder-row-3{ padding-top : 100px;margin-top : 0px;padding-right : 30px;padding-bottom : 100px;margin-bottom : 0px;padding-left : 30px;}@media only screen and (max-width:1024px) {.fusion-body .fusion-flex-container.fusion-builder-row-3{ padding-top : 60px;margin-top : 0px;padding-right : 30px;padding-bottom : 60px;margin-bottom : 0px;padding-left : 30px;}}@media only screen and (max-width:640px) {.fusion-body .fusion-flex-container.fusion-builder-row-3{ padding-top : 0px;margin-top : 0;padding-right : 0px;padding-bottom : 0px;margin-bottom : 0;padding-left : 0px;}}<\/style><\/div><div class=\"fusion-fullwidth fullwidth-box fusion-builder-row-4 fusion-flex-container nonhundred-percent-fullwidth non-hundred-percent-height-scrolling\" style=\"background-color: #65b945;background-position: center center;background-repeat: repeat-x;border-width: 0px 0px 0px 0px;border-color:#e2e2e2;border-style:solid;\" ><div class=\"fusion-builder-row fusion-row fusion-flex-align-items-flex-start fusion-flex-justify-content-center\" style=\"max-width:1352px;margin-left: calc(-4% \/ 2 );margin-right: calc(-4% \/ 2 );\"><div class=\"fusion-layout-column fusion_builder_column fusion-builder-column-2 fusion_builder_column_1_1 1_1 fusion-flex-column fusion-flex-align-self-flex-start fusion-animated\" data-animationType=\"fadeInRight\" data-animationDuration=\"0.3\" data-animationOffset=\"100%\"><div class=\"fusion-column-wrapper fusion-flex-justify-content-flex-start fusion-content-layout-column\" style=\"background-position:left top;background-repeat:no-repeat;-webkit-background-size:cover;-moz-background-size:cover;-o-background-size:cover;background-size:cover;padding: 50px 100px 50px 100px;\"><div class=\"fusion-text fusion-text-2\"><div class=\"fusion-blog-shortcode fusion-blog-shortcode-10 fusion-blog-archive fusion-blog-layout-grid-wrapper fusion-blog-no\"><style type=\"text\/css\">.fusion-blog-shortcode-10 .fusion-blog-layout-grid .fusion-post-grid{padding:20px;}.fusion-blog-shortcode-10 .fusion-posts-container{margin-left: -20px !important; margin-right:-20px !important;}<\/style><div class=\"fusion-posts-container fusion-posts-container-no fusion-no-meta-info fusion-blog-layout-grid fusion-blog-layout-grid-3 isotope fusion-blog-equal-heights\" data-pages=\"0\" data-grid-col-space=\"40\" style=\"margin: -20px -20px 0;min-height:500px;\"><article id=\"blog-10-post-6700\" class=\"post type-post format-standard fusion-post-grid post-6700 webinars type-webinars status-publish has-post-thumbnail hentry category-coe-latino category-spanish category-business-continuation-covid-19 category-business-plan-support category-government-contracting category-strategic-planning-and-growth category-home category-upcoming category-webinar\">\n<div class=\"fusion-post-wrapper\" style=\"background-color:rgba(224,224,224,1);border:none;\">\n\n\t\t\t<div class=\"fusion-flexslider flexslider fusion-flexslider-loading fusion-post-slideshow\" style=\"border-color:rgba(255,255,255,0);\">\n\t\t<ul class=\"slides\">\n\t\t\t\n\t\t\t\t\t\t\t\t\t\t\t\t\t\t<li>\n\n<div  class=\"fusion-image-wrapper\" aria-haspopup=\"true\">\n\t\n\t\n\t\t\t\n\t\t\t\t<a href=\"https:\/\/widenersbdc.org\/esp\/webinars\/educational-programs-in-english\/\" target=\"_blank\" aria-label=\"Educational Programs in English\">\n\t\t\n\t\t\n\t\t\t\t\t<img decoding=\"async\" width=\"1920\" height=\"1080\" src=\"https:\/\/widenersbdc.org\/esp\/wp-content\/uploads\/2022\/02\/Educational-Programs-in-English.jpg\" class=\"attachment-full size-full wp-post-image\" alt=\"\" srcset=\"https:\/\/widenersbdc.org\/esp\/wp-content\/uploads\/2022\/02\/Educational-Programs-in-English-200x113.jpg 200w, https:\/\/widenersbdc.org\/esp\/wp-content\/uploads\/2022\/02\/Educational-Programs-in-English-400x225.jpg 400w, https:\/\/widenersbdc.org\/esp\/wp-content\/uploads\/2022\/02\/Educational-Programs-in-English-600x338.jpg 600w, https:\/\/widenersbdc.org\/esp\/wp-content\/uploads\/2022\/02\/Educational-Programs-in-English-800x450.jpg 800w, https:\/\/widenersbdc.org\/esp\/wp-content\/uploads\/2022\/02\/Educational-Programs-in-English-1200x675.jpg 1200w, https:\/\/widenersbdc.org\/esp\/wp-content\/uploads\/2022\/02\/Educational-Programs-in-English.jpg 1920w\" sizes=\"(min-width: 2200px) 100vw, (min-width: 784px) 407px, (min-width: 712px) 610px, (min-width: 640px) 712px, \" \/>\n\t\n\n\n\t\t\t\t<\/a>\n\t\t\n\t\n<\/div>\n<\/li>\n\t\t\t\n\t\t\t\n\t\t\t\t\t\t\t\t\t\t\t\t\t\t\t\t\t\t\t\t\t\t\t\t\t\t\t\t\t\t\t\t\t\t\t\t\t\t\t\t\t\t\t\t\t\t\t\t\t\t\t\t\t\t\t\t\t\t\t\t\t\t\t\t\t\t\t\t<\/ul>\n\t<\/div>\n\t<div class=\"fusion-post-content-wrapper\" style=\"padding:30px 25px 25px 25px;\"><div class=\"fusion-post-content post-content\"><h2 class=\"blog-shortcode-post-title entry-title\">Educational Programs in English<\/h2><p class=\"fusion-single-line-meta\"><span class=\"vcard rich-snippet-hidden\"><span class=\"fn\"><a href=\"https:\/\/widenersbdc.org\/esp\/author\/sbdc-admin-esp\/\" title=\"Posts by Lenin Agudo\" rel=\"author\">Lenin Agudo<\/a><\/span><\/span><span class=\"updated rich-snippet-hidden\">2023-07-17T12:41:40-04:00<\/span><strong>Various Dates<\/strong><span class=\"fusion-inline-sep\">|<\/span><span class=\"meta-tags\"> Access all of our services and educational training programs in english.<\/span><span class=\"fusion-inline-sep\">|<\/span><\/p><\/div><\/div><div class=\"fusion-clearfix\"><\/div><\/div>\n<\/article>\n<div class=\"fusion-clearfix\"><\/div><\/div><\/div>\n<\/div><\/div><style type=\"text\/css\">.fusion-body .fusion-builder-column-2{width:100% !important;margin-top : 0px;margin-bottom : 0px;}.fusion-builder-column-2 > .fusion-column-wrapper {padding-top : 50px !important;padding-right : 100px !important;margin-right : 0px;padding-bottom : 50px !important;padding-left : 100px !important;margin-left : 0px;}@media only screen and (max-width:1024px) {.fusion-body .fusion-builder-column-2{width:100% !important;order : 0;margin-top : 0px;margin-bottom : 0px;}.fusion-builder-column-2 > .fusion-column-wrapper {padding-top : 50px !important;padding-right : 50px !important;margin-right : 40px;padding-bottom : 50px !important;padding-left : 50px !important;margin-left : 40px;}}@media only screen and (max-width:640px) {.fusion-body .fusion-builder-column-2{width:100% !important;order : 0;margin-top : 0;margin-bottom : 0;}.fusion-builder-column-2 > .fusion-column-wrapper {padding-top : 20px !important;padding-right : 20px !important;margin-right : 0;padding-bottom : 20px !important;padding-left : 20px !important;margin-left : 0;}}<\/style><\/div><div class=\"fusion-layout-column fusion_builder_column fusion-builder-column-3 fusion_builder_column_1_1 1_1 fusion-flex-column fusion-flex-align-self-center fusion-animated\" data-animationType=\"fadeInRight\" data-animationDuration=\"0.3\" data-animationOffset=\"100%\"><div class=\"fusion-column-wrapper fusion-flex-justify-content-center fusion-content-layout-row fusion-flex-align-items-center\" style=\"background-position:left top;background-repeat:no-repeat;-webkit-background-size:cover;-moz-background-size:cover;-o-background-size:cover;background-size:cover;background-color:#65b945;padding: 0px 50px 50px 50px;\"><div style=\"text-align:center;\"><style type=\"text\/css\">.fusion-button.button-1 .fusion-button-text, .fusion-button.button-1 i {color:#ffffff;}.fusion-button.button-1 .fusion-button-icon-divider{border-color:#ffffff;}.fusion-button.button-1:hover .fusion-button-text, .fusion-button.button-1:hover i,.fusion-button.button-1:focus .fusion-button-text, .fusion-button.button-1:focus i,.fusion-button.button-1:active .fusion-button-text, .fusion-button.button-1:active{color:#231f20;}.fusion-button.button-1:hover .fusion-button-icon-divider, .fusion-button.button-1:hover .fusion-button-icon-divider, .fusion-button.button-1:active .fusion-button-icon-divider{border-color:#231f20;}.fusion-button.button-1:hover, .fusion-button.button-1:focus, .fusion-button.button-1:active{border-color:#ffffff;}.fusion-button.button-1 {border-color:#ffffff;border-radius:50px;}.fusion-button.button-1{background: #231f20;}.fusion-button.button-1:hover,.button-1:focus,.fusion-button.button-1:active{background: #e2c026;}<\/style><a class=\"fusion-button button-flat button-large button-custom button-1 fusion-button-default-span fusion-button-default-type fusion-animated\" data-animationType=\"zoomIn\" data-animationDuration=\"0.3\" data-animationOffset=\"100%\" target=\"_self\" href=\"https:\/\/widenersbdc.org\/esp\/capacitacion\/\" style=\"margin-top:10px;margin-right:10px;margin-bottom:10px;margin-left:10px;\"><span class=\"fusion-button-text\">EXPLORA NUESTRA SECCI\u00d3N DE CAPACITACI\u00d3N<\/span><\/a><\/div><div style=\"text-align:center;\"><style type=\"text\/css\">.fusion-button.button-2 .fusion-button-text, .fusion-button.button-2 i {color:#ffffff;}.fusion-button.button-2 .fusion-button-icon-divider{border-color:#ffffff;}.fusion-button.button-2:hover .fusion-button-text, .fusion-button.button-2:hover i,.fusion-button.button-2:focus .fusion-button-text, .fusion-button.button-2:focus i,.fusion-button.button-2:active .fusion-button-text, .fusion-button.button-2:active{color:#231f20;}.fusion-button.button-2:hover .fusion-button-icon-divider, .fusion-button.button-2:hover .fusion-button-icon-divider, .fusion-button.button-2:active .fusion-button-icon-divider{border-color:#231f20;}.fusion-button.button-2:hover, .fusion-button.button-2:focus, .fusion-button.button-2:active{border-color:#ffffff;}.fusion-button.button-2 {border-color:#ffffff;border-radius:50px;}.fusion-button.button-2{background: #231f20;}.fusion-button.button-2:hover,.button-2:focus,.fusion-button.button-2:active{background: #e2c026;}<\/style><a class=\"fusion-button button-flat button-large button-custom button-2 fusion-button-default-span fusion-button-default-type fusion-animated\" data-animationType=\"zoomIn\" data-animationDuration=\"0.3\" data-animationOffset=\"100%\" target=\"_self\" href=\"https:\/\/www.widenersbdc.org\/training\/\" style=\"margin-top:10px;margin-right:10px;margin-bottom:10px;margin-left:10px;\"><span class=\"fusion-button-text\">EXPLORA NUESTRA SECCI\u00d3N DE CAPACITACI\u00d3N EN INGL\u00c9S<\/span><\/a><\/div><\/div><style type=\"text\/css\">.fusion-body .fusion-builder-column-3{width:100% !important;margin-top : 0px;margin-bottom : 0px;}.fusion-builder-column-3 > .fusion-column-wrapper {padding-top : 0px !important;padding-right : 50px !important;margin-right : 0px;padding-bottom : 50px !important;padding-left : 50px !important;margin-left : 0px;}@media only screen and (max-width:1024px) {.fusion-body .fusion-builder-column-3{width:100% !important;order : 0;margin-top : 0px;margin-bottom : 0px;}.fusion-builder-column-3 > .fusion-column-wrapper {padding-top : 50px !important;padding-right : 50px !important;margin-right : 40px;padding-bottom : 50px !important;padding-left : 50px !important;margin-left : 40px;}}@media only screen and (max-width:640px) {.fusion-body .fusion-builder-column-3{width:100% !important;order : 0;margin-top : 0;margin-bottom : 0;}.fusion-builder-column-3 > .fusion-column-wrapper {padding-top : 20px !important;padding-right : 20px !important;margin-right : 0;padding-bottom : 20px !important;padding-left : 20px !important;margin-left : 0;}}<\/style><\/div><\/div><style type=\"text\/css\">.fusion-body .fusion-flex-container.fusion-builder-row-4{ padding-top : 0px;margin-top : 0px;padding-right : 0px;padding-bottom : 0px;margin-bottom : 0px;padding-left : 0px;}@media only screen and (max-width:1024px) {.fusion-body .fusion-flex-container.fusion-builder-row-4{ padding-top : 0px;margin-top : 0px;padding-right : 0px;padding-bottom : 0px;margin-bottom : 0px;padding-left : 0px;}}@media only screen and (max-width:640px) {.fusion-body .fusion-flex-container.fusion-builder-row-4{ padding-top : 0px;margin-top : 0;padding-right : 0px;padding-bottom : 0px;margin-bottom : 0;padding-left : 0px;}}<\/style><\/div><\/p>\n","protected":false},"excerpt":{"rendered":"","protected":false},"author":1,"featured_media":0,"parent":0,"menu_order":0,"comment_status":"closed","ping_status":"closed","template":"100-width.php","meta":{"_acf_changed":false,"inline_featured_image":false,"footnotes":""},"class_list":["post-1077","page","type-page","status-publish","hentry"],"acf":[],"_links":{"self":[{"href":"https:\/\/widenersbdc.org\/esp\/wp-json\/wp\/v2\/pages\/1077","targetHints":{"allow":["GET"]}}],"collection":[{"href":"https:\/\/widenersbdc.org\/esp\/wp-json\/wp\/v2\/pages"}],"about":[{"href":"https:\/\/widenersbdc.org\/esp\/wp-json\/wp\/v2\/types\/page"}],"author":[{"embeddable":true,"href":"https:\/\/widenersbdc.org\/esp\/wp-json\/wp\/v2\/users\/1"}],"replies":[{"embeddable":true,"href":"https:\/\/widenersbdc.org\/esp\/wp-json\/wp\/v2\/comments?post=1077"}],"version-history":[{"count":66,"href":"https:\/\/widenersbdc.org\/esp\/wp-json\/wp\/v2\/pages\/1077\/revisions"}],"predecessor-version":[{"id":6262,"href":"https:\/\/widenersbdc.org\/esp\/wp-json\/wp\/v2\/pages\/1077\/revisions\/6262"}],"wp:attachment":[{"href":"https:\/\/widenersbdc.org\/esp\/wp-json\/wp\/v2\/media?parent=1077"}],"curies":[{"name":"wp","href":"https:\/\/api.w.org\/{rel}","templated":true}]}}